{"id":2372,"date":"2023-05-27T18:41:38","date_gmt":"2023-05-27T18:41:38","guid":{"rendered":"https:\/\/www.iporcelik.com\/?page_id=2372"},"modified":"2023-05-28T21:25:24","modified_gmt":"2023-05-28T21:25:24","slug":"makina-parkurumuz","status":"publish","type":"page","link":"https:\/\/www.iporcelik.com\/index.php\/makina-parkurumuz\/","title":{"rendered":"Makina Parkurumuz"},"content":{"rendered":"\t\t<div data-elementor-type=\"wp-post\" data-elementor-id=\"2372\" class=\"elementor elementor-2372\">\n\t\t\t\t\t\t<section class=\"elementor-section elementor-top-section elementor-element elementor-element-fd7f866 elementor-section-full_width elementor-section-stretched elementor-section-height-default elementor-section-height-default\" data-id=\"fd7f866\" data-element_type=\"section\" data-settings=\"{&quot;stretch_section&quot;:&quot;section-stretched&quot;}\">\n\t\t\t\t\t\t<div class=\"elementor-container elementor-column-gap-no\">\n\t\t\t\t\t<div class=\"elementor-column elementor-col-100 elementor-top-column elementor-element elementor-element-a08cbe9\" data-id=\"a08cbe9\" data-element_type=\"column\">\n\t\t\t<div class=\"elementor-widget-wrap elementor-element-populated\">\n\t\t\t\t\t\t<div class=\"elementor-element elementor-element-dcc3477 elementor-widget elementor-widget-aboutindustry\" data-id=\"dcc3477\" data-element_type=\"widget\" data-widget_type=\"aboutindustry.default\">\n\t\t\t\t<div class=\"elementor-widget-container\">\n\t\t\t        <!-- Fluid Section One -->\r\n                <section class=\"fluid-section-one\">\r\n            <div class=\"outer-container clearfix\">\r\n                <!--Image Column-->\r\n                <div class=\"image-column wow fadeInLeft\" data-wow-delay=\"0ms\" data-wow-duration=\"1500ms\" style=\"background-image:url(https:\/\/www.iporcelik.com\/wp-content\/uploads\/2023\/05\/IMG_3037-scaled.jpeg);\">\r\n                    <figure class=\"image-box\">\r\n                        <img decoding=\"async\" src=\"https:\/\/www.iporcelik.com\/wp-content\/uploads\/2023\/05\/IMG_3037-scaled.jpeg\" alt=\"Image\" \/>\r\n                    <\/figure>\r\n                <\/div>\r\n                <!--Content Column-->\r\n                <div class=\"content-column\">\r\n                    <div class=\"inner-column\">\r\n                        <!-- Sec Title -->\r\n                        <div class=\"sec-title\">\r\n                            <div class=\"title\"><\/div>\r\n                            <h2>\r\n                                Makina Parkurumuz                            <\/h2>\r\n                        <\/div>\r\n                        <div><span lang=\"TR\">35000m2 \u00fczerine kurulmu\u015f olan fabrikam\u0131z 8000m2\u2019s\u0131 kapal\u0131 aland\u0131r. Toplam 5 holden olu\u015fmaktad\u0131r.<\/span><\/div><div><ul><li>10 ton forklift<\/li><li>5 ton forklift<\/li><li>30 ton mobil vin\u00e7<\/li><li>1 adet t\u0131r<\/li><li>25 ton portal vin\u00e7<\/li><li>50 adet gaz alt\u0131 kaynak makinas\u0131 (MIG)<\/li><li>20 adet argon kaynak makinas\u0131 (TIG)<\/li><li>15 \u00c7anta kaynak makinas\u0131<\/li><li>B\u00fcy\u00fck ta\u015f motorlar\u0131<\/li><li>K\u00fc\u00e7\u00fck ta\u015f motorlar\u0131<\/li><li>11 adet tavan vin\u00e7i<ul><li>5 ton 2 adet<\/li><li>10 ton 3 adet<\/li><li>15 ton 2 adet<\/li><li>20 ton 4 adet<\/li><\/ul><\/li><li>NDT test cihazlar\u0131<\/li><li>Silindir b\u00fck\u00fcm makinas\u0131 (16mm\u2019 kadar)<\/li><li>Silindir b\u00fck\u00fcm makinas\u0131 (40mm\u2019 kadar)<\/li><li>Silindirik sa\u00e7 b\u00fck\u00fcm makinas\u0131<\/li><li>300\u2019l\u00fck hatte ve profil b\u00fck\u00fcm makinas\u0131<\/li><li>2 adet kolon bom toz alt\u0131 makinas\u0131<\/li><li>4 adet trakt\u00f6r toz alt\u0131 makinas\u0131<\/li><li>2 Adet CNC torna<\/li><li>4 adet manyetik matkap<\/li><li>3 adet radyal matkap<\/li><li>1 adet \u00e7evirici<\/li><li>1 adet pozisyoner<\/li><li>1 adet hidrolik pres(80 ton)<\/li><\/ul><\/div>                        <!-- Signature Box -->\r\n                        <div class=\"signature-box\">\r\n                            <h4>\u0130por \u00c7elik<\/h4>\r\n                            <div class=\"signature-img\">\r\n                                <img decoding=\"async\" src=\"https:\/\/www.iporcelik.com\/wp-content\/uploads\/2023\/05\/logo-icon.png\" alt=\"Image\" \/>\r\n                            <\/div>\r\n                        <\/div>\r\n                    <\/div>\r\n                <\/div>\r\n            <\/div>\r\n        <\/section>\r\n                <!-- End Fluid Section One -->\r\n        \t\t<\/div>\n\t\t\t\t<\/div>\n\t\t\t\t\t<\/div>\n\t\t<\/div>\n\t\t\t\t\t<\/div>\n\t\t<\/section>\n\t\t\t\t<section class=\"elementor-section elementor-top-section elementor-element elementor-element-1bc139c elementor-section-full_width elementor-section-stretched elementor-section-height-default elementor-section-height-default\" data-id=\"1bc139c\" data-element_type=\"section\" data-settings=\"{&quot;stretch_section&quot;:&quot;section-stretched&quot;}\">\n\t\t\t\t\t\t<div class=\"elementor-container elementor-column-gap-no\">\n\t\t\t\t\t<div class=\"elementor-column elementor-col-100 elementor-top-column elementor-element elementor-element-6593562\" data-id=\"6593562\" data-element_type=\"column\">\n\t\t\t<div class=\"elementor-widget-wrap elementor-element-populated\">\n\t\t\t\t\t\t<div class=\"elementor-element elementor-element-b151a9e elementor-widget elementor-widget-factsfunctions\" data-id=\"b151a9e\" data-element_type=\"widget\" data-widget_type=\"factsfunctions.default\">\n\t\t\t\t<div class=\"elementor-widget-container\">\n\t\t\t        <!-- Fun Facts Section -->\r\n        <section class=\"fun-facts-section\" style=\"background-image:url();\">\r\n            <div class=\"auto-container\">\r\n                <div class=\"title-style-one centered\">\r\n                    <div class=\"icon\"><img decoding=\"async\" src=\"https:\/\/www.iporcelik.com\/wp-content\/uploads\/elementor\/thumbs\/IMG_2047-scaled-q73cgb9hwhbi50w0wa660zquhal06xobnz9x9r5wg8.jpg\" alt=\"Image\"\/><\/div>\r\n                    <div class=\"subtitle\">\r\n                        \u0130por \u00c7elik                    <\/div>\r\n                    <h2>\r\n                        Bir\u00e7ok fabrikaya g\u00fcvenli end\u00fcstriyel \u00e7\u00f6z\u00fcmler sa\u011flamay\u0131 taahh\u00fct ediyoruz                    <\/h2>\r\n                <\/div>\r\n                <div class=\"row clearfix\">\r\n                                            <!-- Count Column -->\r\n                        <div class=\"count-column col-xl-3 col-lg-3 col-md-6 col-sm-12\">\r\n                            <div class=\"inner-box\">\r\n                                <div class=\"count-box\">\r\n                                    <div class=\"count-outer\"><span class=\"count-text\" data-speed=\"2000\" data-stop=\"35000\">0<\/span>m2<\/div>\r\n                                    <h4 class=\"counter-title\">\r\n                                        Alan                                    <\/h4>\r\n                                    <div class=\"text\">\r\n                                                                            <\/div>\r\n                                <\/div>\r\n                            <\/div>\r\n                        <\/div>\r\n                                            <!-- Count Column -->\r\n                        <div class=\"count-column col-xl-3 col-lg-3 col-md-6 col-sm-12\">\r\n                            <div class=\"inner-box\">\r\n                                <div class=\"count-box\">\r\n                                    <div class=\"count-outer\"><span class=\"count-text\" data-speed=\"2000\" data-stop=\"300\">0<\/span>+<\/div>\r\n                                    <h4 class=\"counter-title\">\r\n                                        Proje                                    <\/h4>\r\n                                    <div class=\"text\">\r\n                                                                            <\/div>\r\n                                <\/div>\r\n                            <\/div>\r\n                        <\/div>\r\n                                            <!-- Count Column -->\r\n                        <div class=\"count-column col-xl-3 col-lg-3 col-md-6 col-sm-12\">\r\n                            <div class=\"inner-box\">\r\n                                <div class=\"count-box\">\r\n                                    <div class=\"count-outer\"><span class=\"count-text\" data-speed=\"2000\" data-stop=\"100\">0<\/span><\/div>\r\n                                    <h4 class=\"counter-title\">\r\n                                        Teknisyen                                    <\/h4>\r\n                                    <div class=\"text\">\r\n                                                                            <\/div>\r\n                                <\/div>\r\n                            <\/div>\r\n                        <\/div>\r\n                                            <!-- Count Column -->\r\n                        <div class=\"count-column col-xl-3 col-lg-3 col-md-6 col-sm-12\">\r\n                            <div class=\"inner-box\">\r\n                                <div class=\"count-box\">\r\n                                    <div class=\"count-outer\"><span class=\"count-text\" data-speed=\"2000\" data-stop=\"20\">0<\/span><\/div>\r\n                                    <h4 class=\"counter-title\">\r\n                                        M\u00fchendis                                    <\/h4>\r\n                                    <div class=\"text\">\r\n                                                                            <\/div>\r\n                                <\/div>\r\n                            <\/div>\r\n                        <\/div>\r\n                                    <\/div>\r\n            <\/div>\r\n        <\/section>\r\n        <!-- Fun Facts Section -->\r\n        \t\t<\/div>\n\t\t\t\t<\/div>\n\t\t\t\t\t<\/div>\n\t\t<\/div>\n\t\t\t\t\t<\/div>\n\t\t<\/section>\n\t\t\t\t<section class=\"elementor-section elementor-top-section elementor-element elementor-element-7660d89 elementor-section-stretched elementor-section-full_width elementor-section-height-default elementor-section-height-default\" data-id=\"7660d89\" data-element_type=\"section\" data-settings=\"{&quot;stretch_section&quot;:&quot;section-stretched&quot;}\">\n\t\t\t\t\t\t<div class=\"elementor-container elementor-column-gap-default\">\n\t\t\t\t\t<div class=\"elementor-column elementor-col-100 elementor-top-column elementor-element elementor-element-7da0454\" data-id=\"7da0454\" data-element_type=\"column\">\n\t\t\t<div class=\"elementor-widget-wrap elementor-element-populated\">\n\t\t\t\t\t\t<div class=\"elementor-element elementor-element-83fb7dc elementor-widget elementor-widget-quote\" data-id=\"83fb7dc\" data-element_type=\"widget\" data-widget_type=\"quote.default\">\n\t\t\t\t<div class=\"elementor-widget-container\">\n\t\t\t        <!-- Quote Section -->\r\n        <section class=\"quote-section wow fadeInUp\" data-wow-delay=\"0ms\" data-wow-duration=\"1500ms\">\r\n            <div class=\"auto-container\">\r\n                <div class=\"inner-section\">\r\n                    <div class=\"clearfix\">\r\n                        <div class=\"pull-left\">\r\n                            <div class=\"content\">\r\n                                <div class=\"icon flaticon-hammer\">\r\n                                    <\/div>\r\n                                <h3>Projeniz \u0130\u00e7in \u00dccretsiz Teklif Al\u0131n<\/h3>\r\n                                <div class=\"text\">Her zaman %100 g\u00fcvenlik \u00f6nlemleri ile kaliteli hizmetler sunuyoruz.<\/div>\r\n                            <\/div>\r\n                        <\/div>\r\n                      \r\n                                                    <div class=\"pull-right\">\r\n                            <a href=\"https:\/\/www.iporcelik.com\/index.php\/contact\/\"  class=\"theme-btn btn-style-three\">Teklif Al\u0131n<\/a>\r\n                        <\/div>\r\n                              \r\n                        \r\n                    <\/div>\r\n                <\/div>\r\n            <\/div>\r\n        <\/section>\r\n        <!-- End Quote Section -->\r\n        \t\t<\/div>\n\t\t\t\t<\/div>\n\t\t\t\t\t<\/div>\n\t\t<\/div>\n\t\t\t\t\t<\/div>\n\t\t<\/section>\n\t\t\t\t<\/div>\n\t\t","protected":false},"excerpt":{"rendered":"<p>Makina Parkurumuz 35000m2 \u00fczerine kurulmu\u015f olan fabrikam\u0131z 8000m2\u2019s\u0131 kapal\u0131 aland\u0131r. Toplam 5 holden olu\u015fmaktad\u0131r. 10 ton forklift 5 ton forklift 30 ton mobil vin\u00e7 1 adet t\u0131r 25 ton portal vin\u00e7 50 adet gaz alt\u0131 kaynak makinas\u0131 (MIG) 20 adet argon kaynak makinas\u0131 (TIG) 15 \u00c7anta kaynak makinas\u0131 B\u00fcy\u00fck ta\u015f motorlar\u0131 K\u00fc\u00e7\u00fck ta\u015f motorlar\u0131 11 [&hellip;]<\/p>\n","protected":false},"author":1,"featured_media":0,"parent":0,"menu_order":0,"comment_status":"closed","ping_status":"closed","template":"","meta":[],"yoast_head":"<!-- This site is optimized with the Yoast SEO plugin v21.8.1 - https:\/\/yoast.com\/wordpress\/plugins\/seo\/ -->\n<title>Makina Parkurumuz - \u0130por &Ccedil;elik<\/title>\n<meta name=\"robots\" content=\"index, follow, max-snippet:-1, max-image-preview:large, max-video-preview:-1\" \/>\n<link rel=\"canonical\" href=\"https:\/\/www.iporcelik.com\/index.php\/makina-parkurumuz\/\" \/>\n<meta property=\"og:locale\" content=\"tr_TR\" \/>\n<meta property=\"og:type\" content=\"article\" \/>\n<meta property=\"og:title\" content=\"Makina Parkurumuz - \u0130por &Ccedil;elik\" \/>\n<meta property=\"og:description\" content=\"Makina Parkurumuz 35000m2 \u00fczerine kurulmu\u015f olan fabrikam\u0131z 8000m2\u2019s\u0131 kapal\u0131 aland\u0131r. Toplam 5 holden olu\u015fmaktad\u0131r. 10 ton forklift 5 ton forklift 30 ton mobil vin\u00e7 1 adet t\u0131r 25 ton portal vin\u00e7 50 adet gaz alt\u0131 kaynak makinas\u0131 (MIG) 20 adet argon kaynak makinas\u0131 (TIG) 15 \u00c7anta kaynak makinas\u0131 B\u00fcy\u00fck ta\u015f motorlar\u0131 K\u00fc\u00e7\u00fck ta\u015f motorlar\u0131 11 [&hellip;]\" \/>\n<meta property=\"og:url\" content=\"https:\/\/www.iporcelik.com\/index.php\/makina-parkurumuz\/\" \/>\n<meta property=\"og:site_name\" content=\"\u0130por &Ccedil;elik\" \/>\n<meta property=\"article:modified_time\" content=\"2023-05-28T21:25:24+00:00\" \/>\n<meta property=\"og:image\" content=\"https:\/\/www.iporcelik.com\/wp-content\/uploads\/2023\/05\/IMG_3037-scaled.jpeg\" \/>\n<meta name=\"twitter:card\" content=\"summary_large_image\" \/>\n<meta name=\"twitter:label1\" content=\"Tahmini okuma s\u00fcresi\" \/>\n\t<meta name=\"twitter:data1\" content=\"1 dakika\" \/>\n<script type=\"application\/ld+json\" class=\"yoast-schema-graph\">{\"@context\":\"https:\/\/schema.org\",\"@graph\":[{\"@type\":\"WebPage\",\"@id\":\"https:\/\/www.iporcelik.com\/index.php\/makina-parkurumuz\/\",\"url\":\"https:\/\/www.iporcelik.com\/index.php\/makina-parkurumuz\/\",\"name\":\"Makina Parkurumuz - \u0130por &Ccedil;elik\",\"isPartOf\":{\"@id\":\"https:\/\/www.iporcelik.com\/#website\"},\"datePublished\":\"2023-05-27T18:41:38+00:00\",\"dateModified\":\"2023-05-28T21:25:24+00:00\",\"breadcrumb\":{\"@id\":\"https:\/\/www.iporcelik.com\/index.php\/makina-parkurumuz\/#breadcrumb\"},\"inLanguage\":\"tr\",\"potentialAction\":[{\"@type\":\"ReadAction\",\"target\":[\"https:\/\/www.iporcelik.com\/index.php\/makina-parkurumuz\/\"]}]},{\"@type\":\"BreadcrumbList\",\"@id\":\"https:\/\/www.iporcelik.com\/index.php\/makina-parkurumuz\/#breadcrumb\",\"itemListElement\":[{\"@type\":\"ListItem\",\"position\":1,\"name\":\"Anasayfa\",\"item\":\"https:\/\/www.iporcelik.com\/\"},{\"@type\":\"ListItem\",\"position\":2,\"name\":\"Makina Parkurumuz\"}]},{\"@type\":\"WebSite\",\"@id\":\"https:\/\/www.iporcelik.com\/#website\",\"url\":\"https:\/\/www.iporcelik.com\/\",\"name\":\"\u0130por &Ccedil;elik\",\"description\":\"End&uuml;stri m&uuml;hendisli\u011finde devrim sunuyoruz\",\"publisher\":{\"@id\":\"https:\/\/www.iporcelik.com\/#organization\"},\"potentialAction\":[{\"@type\":\"SearchAction\",\"target\":{\"@type\":\"EntryPoint\",\"urlTemplate\":\"https:\/\/www.iporcelik.com\/?s={search_term_string}\"},\"query-input\":\"required name=search_term_string\"}],\"inLanguage\":\"tr\"},{\"@type\":\"Organization\",\"@id\":\"https:\/\/www.iporcelik.com\/#organization\",\"name\":\"\u0130por &Ccedil;elik\",\"url\":\"https:\/\/www.iporcelik.com\/\",\"logo\":{\"@type\":\"ImageObject\",\"inLanguage\":\"tr\",\"@id\":\"https:\/\/www.iporcelik.com\/#\/schema\/logo\/image\/\",\"url\":\"https:\/\/www.iporcelik.com\/wp-content\/uploads\/2023\/05\/logo.png\",\"contentUrl\":\"https:\/\/www.iporcelik.com\/wp-content\/uploads\/2023\/05\/logo.png\",\"width\":200,\"height\":55,\"caption\":\"\u0130por &Ccedil;elik\"},\"image\":{\"@id\":\"https:\/\/www.iporcelik.com\/#\/schema\/logo\/image\/\"}}]}<\/script>\n<!-- \/ Yoast SEO plugin. -->","yoast_head_json":{"title":"Makina Parkurumuz - \u0130por &Ccedil;elik","robots":{"index":"index","follow":"follow","max-snippet":"max-snippet:-1","max-image-preview":"max-image-preview:large","max-video-preview":"max-video-preview:-1"},"canonical":"https:\/\/www.iporcelik.com\/index.php\/makina-parkurumuz\/","og_locale":"tr_TR","og_type":"article","og_title":"Makina Parkurumuz - \u0130por &Ccedil;elik","og_description":"Makina Parkurumuz 35000m2 \u00fczerine kurulmu\u015f olan fabrikam\u0131z 8000m2\u2019s\u0131 kapal\u0131 aland\u0131r. Toplam 5 holden olu\u015fmaktad\u0131r. 10 ton forklift 5 ton forklift 30 ton mobil vin\u00e7 1 adet t\u0131r 25 ton portal vin\u00e7 50 adet gaz alt\u0131 kaynak makinas\u0131 (MIG) 20 adet argon kaynak makinas\u0131 (TIG) 15 \u00c7anta kaynak makinas\u0131 B\u00fcy\u00fck ta\u015f motorlar\u0131 K\u00fc\u00e7\u00fck ta\u015f motorlar\u0131 11 [&hellip;]","og_url":"https:\/\/www.iporcelik.com\/index.php\/makina-parkurumuz\/","og_site_name":"\u0130por &Ccedil;elik","article_modified_time":"2023-05-28T21:25:24+00:00","og_image":[{"url":"https:\/\/www.iporcelik.com\/wp-content\/uploads\/2023\/05\/IMG_3037-scaled.jpeg"}],"twitter_card":"summary_large_image","twitter_misc":{"Tahmini okuma s\u00fcresi":"1 dakika"},"schema":{"@context":"https:\/\/schema.org","@graph":[{"@type":"WebPage","@id":"https:\/\/www.iporcelik.com\/index.php\/makina-parkurumuz\/","url":"https:\/\/www.iporcelik.com\/index.php\/makina-parkurumuz\/","name":"Makina Parkurumuz - \u0130por &Ccedil;elik","isPartOf":{"@id":"https:\/\/www.iporcelik.com\/#website"},"datePublished":"2023-05-27T18:41:38+00:00","dateModified":"2023-05-28T21:25:24+00:00","breadcrumb":{"@id":"https:\/\/www.iporcelik.com\/index.php\/makina-parkurumuz\/#breadcrumb"},"inLanguage":"tr","potentialAction":[{"@type":"ReadAction","target":["https:\/\/www.iporcelik.com\/index.php\/makina-parkurumuz\/"]}]},{"@type":"BreadcrumbList","@id":"https:\/\/www.iporcelik.com\/index.php\/makina-parkurumuz\/#breadcrumb","itemListElement":[{"@type":"ListItem","position":1,"name":"Anasayfa","item":"https:\/\/www.iporcelik.com\/"},{"@type":"ListItem","position":2,"name":"Makina Parkurumuz"}]},{"@type":"WebSite","@id":"https:\/\/www.iporcelik.com\/#website","url":"https:\/\/www.iporcelik.com\/","name":"\u0130por &Ccedil;elik","description":"End&uuml;stri m&uuml;hendisli\u011finde devrim sunuyoruz","publisher":{"@id":"https:\/\/www.iporcelik.com\/#organization"},"potentialAction":[{"@type":"SearchAction","target":{"@type":"EntryPoint","urlTemplate":"https:\/\/www.iporcelik.com\/?s={search_term_string}"},"query-input":"required name=search_term_string"}],"inLanguage":"tr"},{"@type":"Organization","@id":"https:\/\/www.iporcelik.com\/#organization","name":"\u0130por &Ccedil;elik","url":"https:\/\/www.iporcelik.com\/","logo":{"@type":"ImageObject","inLanguage":"tr","@id":"https:\/\/www.iporcelik.com\/#\/schema\/logo\/image\/","url":"https:\/\/www.iporcelik.com\/wp-content\/uploads\/2023\/05\/logo.png","contentUrl":"https:\/\/www.iporcelik.com\/wp-content\/uploads\/2023\/05\/logo.png","width":200,"height":55,"caption":"\u0130por &Ccedil;elik"},"image":{"@id":"https:\/\/www.iporcelik.com\/#\/schema\/logo\/image\/"}}]}},"_links":{"self":[{"href":"https:\/\/www.iporcelik.com\/index.php\/wp-json\/wp\/v2\/pages\/2372"}],"collection":[{"href":"https:\/\/www.iporcelik.com\/index.php\/wp-json\/wp\/v2\/pages"}],"about":[{"href":"https:\/\/www.iporcelik.com\/index.php\/wp-json\/wp\/v2\/types\/page"}],"author":[{"embeddable":true,"href":"https:\/\/www.iporcelik.com\/index.php\/wp-json\/wp\/v2\/users\/1"}],"replies":[{"embeddable":true,"href":"https:\/\/www.iporcelik.com\/index.php\/wp-json\/wp\/v2\/comments?post=2372"}],"version-history":[{"count":7,"href":"https:\/\/www.iporcelik.com\/index.php\/wp-json\/wp\/v2\/pages\/2372\/revisions"}],"predecessor-version":[{"id":2405,"href":"https:\/\/www.iporcelik.com\/index.php\/wp-json\/wp\/v2\/pages\/2372\/revisions\/2405"}],"wp:attachment":[{"href":"https:\/\/www.iporcelik.com\/index.php\/wp-json\/wp\/v2\/media?parent=2372"}],"curies":[{"name":"wp","href":"https:\/\/api.w.org\/{rel}","templated":true}]}}