{"id":2340,"date":"2023-05-27T18:06:46","date_gmt":"2023-05-27T18:06:46","guid":{"rendered":"https:\/\/www.iporcelik.com\/?page_id=2340"},"modified":"2023-05-28T21:26:40","modified_gmt":"2023-05-28T21:26:40","slug":"cevre-ve-isg","status":"publish","type":"page","link":"https:\/\/www.iporcelik.com\/index.php\/cevre-ve-isg\/","title":{"rendered":"\u00c7evre ve ISG"},"content":{"rendered":"\t\t<div data-elementor-type=\"wp-post\" data-elementor-id=\"2340\" class=\"elementor elementor-2340\">\n\t\t\t\t\t\t<section class=\"elementor-section elementor-top-section elementor-element elementor-element-49610c0 elementor-section-stretched elementor-section-full_width elementor-section-height-default elementor-section-height-default\" data-id=\"49610c0\" data-element_type=\"section\" data-settings=\"{&quot;stretch_section&quot;:&quot;section-stretched&quot;}\">\n\t\t\t\t\t\t<div class=\"elementor-container elementor-column-gap-no\">\n\t\t\t\t\t<div class=\"elementor-column elementor-col-100 elementor-top-column elementor-element elementor-element-2cc6357\" data-id=\"2cc6357\" data-element_type=\"column\">\n\t\t\t<div class=\"elementor-widget-wrap elementor-element-populated\">\n\t\t\t\t\t\t<div class=\"elementor-element elementor-element-7f22e03 elementor-widget elementor-widget-page_about\" data-id=\"7f22e03\" data-element_type=\"widget\" data-widget_type=\"page_about.default\">\n\t\t\t\t<div class=\"elementor-widget-container\">\n\t\t\t\r\n<!-- Fun Facts Section -->\r\n<section class=\"about-section-two\" style=\"background-image:url();\">\r\n  <div class=\"auto-container\">\r\n    <div class=\"title-style-one style-two centered\">\r\n      <div class=\"icon\"><img decoding=\"async\" src=\"https:\/\/www.iporcelik.com\/wp-content\/uploads\/2023\/05\/logo-icon.png\"\r\n          alt=\"Image\"><\/div>\r\n      <div class=\"subtitle\">\u0130por \u00c7elik<\/div>\r\n      <h2>\u0130por \u00c7elik: \u00c7evre, G\u00fcvenlik, Sa\u011fl\u0131k ve Kaliteyi \u00d6nceli\u011fe Alan Bir \u015eirket<\/h2>\r\n      <div class=\"text\">\u00c7al\u0131\u015fanlar\u0131n\u0131 E\u011fiterek G\u00fcvenli ve \u00c7evreci Bir \u0130\u015fyeri K\u00fclt\u00fcr\u00fc Olu\u015fturuyor.<\/div>\r\n    <\/div>\r\n\r\n    <div class=\"row\">\r\n      <div class=\"image-column col-lg-6 col-md-12 col-sm-12\">\r\n        <div class=\"inner-column wow fadeInLeft\" data-wow-delay=\"0ms\" data-wow-duration=\"1500ms\">\r\n          <figure class=\"image\"><a href=\"https:\/\/www.iporcelik.com\/wp-content\/uploads\/2023\/05\/IMG_0781-scaled.jpeg\" class=\"lightbox-image\">\r\n              <img decoding=\"async\" src=\"https:\/\/www.iporcelik.com\/wp-content\/uploads\/2023\/05\/IMG_0781-scaled.jpeg\"\r\n                alt=\"Image\">\r\n            <\/a>\r\n          <\/figure>\r\n        <\/div>\r\n      <\/div>\r\n\r\n      <div class=\"content-column col-lg-6 col-md-12 col-sm-12\">\r\n        <div class=\"inner-column wow fadeInRight\" data-wow-delay=\"0ms\" data-wow-duration=\"1500ms\">\r\n          <div class=\"text\">\r\n            \u0130por \u00c7elik, i\u015fyerlerinde ve tesislerinde \u00e7al\u0131\u015fan t\u00fcm personelinin ve i\u015f ortaklar\u0131n\u0131n g\u00fcvenli\u011fini ve sa\u011fl\u0131\u011f\u0131n\u0131 korumak i\u00e7in kapsaml\u0131 bir \u00c7evre, G\u00fcvenlik, Sa\u011fl\u0131k ve Kalite (Entegre Y\u00f6netim Sistemi) politikas\u0131 uygulamaktad\u0131r. Bu politika, i\u015f kaynakl\u0131 kirlilik, tehlike ve kazalara kar\u015f\u0131 koruma \u00f6nlemlerini i\u00e7ermektedir. \u0130por \u00c7elik'in Entegre Y\u00f6netim Sistemi, ISO 14001 \u00c7evresel Y\u00f6netim Sistemi ve OHSAS 18001 Mesleki Sa\u011fl\u0131k ve G\u00fcvenlik Y\u00f6netim Sistemi standartlar\u0131na dayanmaktad\u0131r.\n\n\u0130por \u00c7elik, ISO 9001:2008 Kalite Y\u00f6netim Sistemi, ISO 14001:2009 \u00c7evresel Y\u00f6netim Sistemi ve OHSAS 18001:2007 Mesleki Sa\u011fl\u0131k ve G\u00fcvenlik Y\u00f6netim Sistemi sertifikalar\u0131na sahiptir.\n\n\u015eirket, \u00e7al\u0131\u015fanlar\u0131n g\u00fcvenlik bilincini art\u0131rmak, daha g\u00fcvenli \u00e7al\u0131\u015fma uygulamalar\u0131n\u0131 \u00f6\u011fretmek ve \u00e7evresel ba\u011fl\u0131l\u0131\u011f\u0131 g\u00fc\u00e7lendirmek i\u00e7in kapsaml\u0131 bir EYS e\u011fitim program\u0131 sunmaktad\u0131r. \u0130por \u00c7elik Organizasyon El Kitab\u0131'nda, kurulu\u015f i\u00e7indeki bireylerin rolleri ve sorumluluklar\u0131 tan\u0131mlanm\u0131\u015ft\u0131r.\n\nEYS performans\u0131n\u0131 s\u00fcrd\u00fcrmek ve geli\u015ftirmek i\u00e7in izleme ve \u00f6l\u00e7\u00fcm faaliyetleri \u00f6nemlidir. \u0130por \u00c7elik, herhangi bir hata, kaza, olay, hastal\u0131k veya \u00e7evresel s\u0131z\u0131nt\u0131 durumunda kay\u0131tlar\u0131 tutmakta ve uygunluk seviyelerini izleyerek istatistiksel veriler toplamaktad\u0131r.\n\nDenetim ve g\u00f6zden ge\u00e7irme faaliyetleri, ge\u00e7mi\u015f deneyimlerden \u00f6\u011frenilen derslerle riskleri y\u00f6netmek ve EYS d\u00fczeltici faaliyetlerinde \u00f6nemli ilerlemeler sa\u011flamak amac\u0131yla ger\u00e7ekle\u015ftirilmektedir. \u0130por \u00c7elik, i\u00e7 ve d\u0131\u015f denetimleri s\u00fcrekli olarak ger\u00e7ekle\u015ftirmektedir.\n\n\u00c7evre, g\u00fcvenlik ve sa\u011fl\u0131k \u0130por \u00c7elik'te en y\u00fcksek \u00f6nceliktir. \u015eirket, her projede \u00c7evre, G\u00fcvenlik ve Sa\u011fl\u0131k (\u00c7GS) ve \u0130\u015f Sa\u011fl\u0131\u011f\u0131 ve G\u00fcvenli\u011fi (\u0130SG) standartlar\u0131nda d\u00fcnya standartlar\u0131nda performans sa\u011flaman\u0131n \u00f6nemini bilmekte ve kabul etmektedir. T\u00fcm personel, aktif olarak t\u00fcm EYS programlar\u0131na kat\u0131lmaya te\u015fvik edilmekte ve ba\u015far\u0131 i\u00e7in ihtiya\u00e7 duyduklar\u0131 e\u011fitim ve geli\u015fim imkanlar\u0131 sa\u011flanmaktad\u0131r.          <\/div>\r\n          <div class=\"fact-counter wow fadeInRightBig\" data-wow-delay=\"0ms\" data-wow-duration=\"1500ms\">\r\n            <div class=\"clearfix\">\r\n                            <!--Column-->\r\n              <div class=\"column counter-column col-lg-4 col-md-4 col-sm-12\">\r\n                <div class=\"inner\">\r\n                  <div class=\"count-outer count-box\">\r\n                    <span class=\"count-text\" data-speed=\"2000\" data-stop=\"15\">0<\/span>+                    <h4 class=\"counter-title\">Y\u0131ll\u0131k Tecr\u00fcbe<\/h4>\r\n                  <\/div>\r\n                <\/div>\r\n              <\/div>\r\n                            <!--Column-->\r\n              <div class=\"column counter-column col-lg-4 col-md-4 col-sm-12\">\r\n                <div class=\"inner\">\r\n                  <div class=\"count-outer count-box\">\r\n                    <span class=\"count-text\" data-speed=\"2500\" data-stop=\"17\">0<\/span>                    <h4 class=\"counter-title\">Farkl\u0131 Sekt\u00f6r<\/h4>\r\n                  <\/div>\r\n                <\/div>\r\n              <\/div>\r\n                            <!--Column-->\r\n              <div class=\"column counter-column col-lg-4 col-md-4 col-sm-12\">\r\n                <div class=\"inner\">\r\n                  <div class=\"count-outer count-box\">\r\n                    <span class=\"count-text\" data-speed=\"3000\" data-stop=\"87\">0<\/span>                    <h4 class=\"counter-title\">Fabrika yap\u0131m\u0131<\/h4>\r\n                  <\/div>\r\n                <\/div>\r\n              <\/div>\r\n                          <\/div>\r\n          <\/div>\r\n        <\/div>\r\n      <\/div>\r\n    <\/div>\r\n  <\/div>\r\n<\/section>\r\n<!-- Fun Facts Section -->\r\n\t\t<\/div>\n\t\t\t\t<\/div>\n\t\t\t\t\t<\/div>\n\t\t<\/div>\n\t\t\t\t\t<\/div>\n\t\t<\/section>\n\t\t\t\t<\/div>\n\t\t","protected":false},"excerpt":{"rendered":"<p>\u0130por \u00c7elik \u0130por \u00c7elik: \u00c7evre, G\u00fcvenlik, Sa\u011fl\u0131k ve Kaliteyi \u00d6nceli\u011fe Alan Bir \u015eirket \u00c7al\u0131\u015fanlar\u0131n\u0131 E\u011fiterek G\u00fcvenli ve \u00c7evreci Bir \u0130\u015fyeri K\u00fclt\u00fcr\u00fc Olu\u015fturuyor. \u0130por \u00c7elik, i\u015fyerlerinde ve tesislerinde \u00e7al\u0131\u015fan t\u00fcm personelinin ve i\u015f ortaklar\u0131n\u0131n g\u00fcvenli\u011fini ve sa\u011fl\u0131\u011f\u0131n\u0131 korumak i\u00e7in kapsaml\u0131 bir \u00c7evre, G\u00fcvenlik, Sa\u011fl\u0131k ve Kalite (Entegre Y\u00f6netim Sistemi) politikas\u0131 uygulamaktad\u0131r. Bu politika, i\u015f kaynakl\u0131 kirlilik, [&hellip;]<\/p>\n","protected":false},"author":1,"featured_media":0,"parent":0,"menu_order":0,"comment_status":"closed","ping_status":"closed","template":"","meta":[],"yoast_head":"<!-- This site is optimized with the Yoast SEO plugin v21.8.1 - https:\/\/yoast.com\/wordpress\/plugins\/seo\/ -->\n<title>\u00c7evre ve ISG - \u0130por &Ccedil;elik<\/title>\n<meta name=\"robots\" content=\"index, follow, max-snippet:-1, max-image-preview:large, max-video-preview:-1\" \/>\n<link rel=\"canonical\" href=\"https:\/\/www.iporcelik.com\/index.php\/cevre-ve-isg\/\" \/>\n<meta property=\"og:locale\" content=\"tr_TR\" \/>\n<meta property=\"og:type\" content=\"article\" \/>\n<meta property=\"og:title\" content=\"\u00c7evre ve ISG - \u0130por &Ccedil;elik\" \/>\n<meta property=\"og:description\" content=\"\u0130por \u00c7elik \u0130por \u00c7elik: \u00c7evre, G\u00fcvenlik, Sa\u011fl\u0131k ve Kaliteyi \u00d6nceli\u011fe Alan Bir \u015eirket \u00c7al\u0131\u015fanlar\u0131n\u0131 E\u011fiterek G\u00fcvenli ve \u00c7evreci Bir \u0130\u015fyeri K\u00fclt\u00fcr\u00fc Olu\u015fturuyor. \u0130por \u00c7elik, i\u015fyerlerinde ve tesislerinde \u00e7al\u0131\u015fan t\u00fcm personelinin ve i\u015f ortaklar\u0131n\u0131n g\u00fcvenli\u011fini ve sa\u011fl\u0131\u011f\u0131n\u0131 korumak i\u00e7in kapsaml\u0131 bir \u00c7evre, G\u00fcvenlik, Sa\u011fl\u0131k ve Kalite (Entegre Y\u00f6netim Sistemi) politikas\u0131 uygulamaktad\u0131r. Bu politika, i\u015f kaynakl\u0131 kirlilik, [&hellip;]\" \/>\n<meta property=\"og:url\" content=\"https:\/\/www.iporcelik.com\/index.php\/cevre-ve-isg\/\" \/>\n<meta property=\"og:site_name\" content=\"\u0130por &Ccedil;elik\" \/>\n<meta property=\"article:modified_time\" content=\"2023-05-28T21:26:40+00:00\" \/>\n<meta property=\"og:image\" content=\"https:\/\/www.iporcelik.com\/wp-content\/uploads\/2023\/05\/logo-icon.png\" \/>\n<meta name=\"twitter:card\" content=\"summary_large_image\" \/>\n<meta name=\"twitter:label1\" content=\"Tahmini okuma s\u00fcresi\" \/>\n\t<meta name=\"twitter:data1\" content=\"2 dakika\" \/>\n<script type=\"application\/ld+json\" class=\"yoast-schema-graph\">{\"@context\":\"https:\/\/schema.org\",\"@graph\":[{\"@type\":\"WebPage\",\"@id\":\"https:\/\/www.iporcelik.com\/index.php\/cevre-ve-isg\/\",\"url\":\"https:\/\/www.iporcelik.com\/index.php\/cevre-ve-isg\/\",\"name\":\"\u00c7evre ve ISG - \u0130por &Ccedil;elik\",\"isPartOf\":{\"@id\":\"https:\/\/www.iporcelik.com\/#website\"},\"datePublished\":\"2023-05-27T18:06:46+00:00\",\"dateModified\":\"2023-05-28T21:26:40+00:00\",\"breadcrumb\":{\"@id\":\"https:\/\/www.iporcelik.com\/index.php\/cevre-ve-isg\/#breadcrumb\"},\"inLanguage\":\"tr\",\"potentialAction\":[{\"@type\":\"ReadAction\",\"target\":[\"https:\/\/www.iporcelik.com\/index.php\/cevre-ve-isg\/\"]}]},{\"@type\":\"BreadcrumbList\",\"@id\":\"https:\/\/www.iporcelik.com\/index.php\/cevre-ve-isg\/#breadcrumb\",\"itemListElement\":[{\"@type\":\"ListItem\",\"position\":1,\"name\":\"Anasayfa\",\"item\":\"https:\/\/www.iporcelik.com\/\"},{\"@type\":\"ListItem\",\"position\":2,\"name\":\"\u00c7evre ve ISG\"}]},{\"@type\":\"WebSite\",\"@id\":\"https:\/\/www.iporcelik.com\/#website\",\"url\":\"https:\/\/www.iporcelik.com\/\",\"name\":\"\u0130por &Ccedil;elik\",\"description\":\"End&uuml;stri m&uuml;hendisli\u011finde devrim sunuyoruz\",\"publisher\":{\"@id\":\"https:\/\/www.iporcelik.com\/#organization\"},\"potentialAction\":[{\"@type\":\"SearchAction\",\"target\":{\"@type\":\"EntryPoint\",\"urlTemplate\":\"https:\/\/www.iporcelik.com\/?s={search_term_string}\"},\"query-input\":\"required name=search_term_string\"}],\"inLanguage\":\"tr\"},{\"@type\":\"Organization\",\"@id\":\"https:\/\/www.iporcelik.com\/#organization\",\"name\":\"\u0130por &Ccedil;elik\",\"url\":\"https:\/\/www.iporcelik.com\/\",\"logo\":{\"@type\":\"ImageObject\",\"inLanguage\":\"tr\",\"@id\":\"https:\/\/www.iporcelik.com\/#\/schema\/logo\/image\/\",\"url\":\"https:\/\/www.iporcelik.com\/wp-content\/uploads\/2023\/05\/logo.png\",\"contentUrl\":\"https:\/\/www.iporcelik.com\/wp-content\/uploads\/2023\/05\/logo.png\",\"width\":200,\"height\":55,\"caption\":\"\u0130por &Ccedil;elik\"},\"image\":{\"@id\":\"https:\/\/www.iporcelik.com\/#\/schema\/logo\/image\/\"}}]}<\/script>\n<!-- \/ Yoast SEO plugin. -->","yoast_head_json":{"title":"\u00c7evre ve ISG - \u0130por &Ccedil;elik","robots":{"index":"index","follow":"follow","max-snippet":"max-snippet:-1","max-image-preview":"max-image-preview:large","max-video-preview":"max-video-preview:-1"},"canonical":"https:\/\/www.iporcelik.com\/index.php\/cevre-ve-isg\/","og_locale":"tr_TR","og_type":"article","og_title":"\u00c7evre ve ISG - \u0130por &Ccedil;elik","og_description":"\u0130por \u00c7elik \u0130por \u00c7elik: \u00c7evre, G\u00fcvenlik, Sa\u011fl\u0131k ve Kaliteyi \u00d6nceli\u011fe Alan Bir \u015eirket \u00c7al\u0131\u015fanlar\u0131n\u0131 E\u011fiterek G\u00fcvenli ve \u00c7evreci Bir \u0130\u015fyeri K\u00fclt\u00fcr\u00fc Olu\u015fturuyor. \u0130por \u00c7elik, i\u015fyerlerinde ve tesislerinde \u00e7al\u0131\u015fan t\u00fcm personelinin ve i\u015f ortaklar\u0131n\u0131n g\u00fcvenli\u011fini ve sa\u011fl\u0131\u011f\u0131n\u0131 korumak i\u00e7in kapsaml\u0131 bir \u00c7evre, G\u00fcvenlik, Sa\u011fl\u0131k ve Kalite (Entegre Y\u00f6netim Sistemi) politikas\u0131 uygulamaktad\u0131r. Bu politika, i\u015f kaynakl\u0131 kirlilik, [&hellip;]","og_url":"https:\/\/www.iporcelik.com\/index.php\/cevre-ve-isg\/","og_site_name":"\u0130por &Ccedil;elik","article_modified_time":"2023-05-28T21:26:40+00:00","og_image":[{"url":"https:\/\/www.iporcelik.com\/wp-content\/uploads\/2023\/05\/logo-icon.png"}],"twitter_card":"summary_large_image","twitter_misc":{"Tahmini okuma s\u00fcresi":"2 dakika"},"schema":{"@context":"https:\/\/schema.org","@graph":[{"@type":"WebPage","@id":"https:\/\/www.iporcelik.com\/index.php\/cevre-ve-isg\/","url":"https:\/\/www.iporcelik.com\/index.php\/cevre-ve-isg\/","name":"\u00c7evre ve ISG - \u0130por &Ccedil;elik","isPartOf":{"@id":"https:\/\/www.iporcelik.com\/#website"},"datePublished":"2023-05-27T18:06:46+00:00","dateModified":"2023-05-28T21:26:40+00:00","breadcrumb":{"@id":"https:\/\/www.iporcelik.com\/index.php\/cevre-ve-isg\/#breadcrumb"},"inLanguage":"tr","potentialAction":[{"@type":"ReadAction","target":["https:\/\/www.iporcelik.com\/index.php\/cevre-ve-isg\/"]}]},{"@type":"BreadcrumbList","@id":"https:\/\/www.iporcelik.com\/index.php\/cevre-ve-isg\/#breadcrumb","itemListElement":[{"@type":"ListItem","position":1,"name":"Anasayfa","item":"https:\/\/www.iporcelik.com\/"},{"@type":"ListItem","position":2,"name":"\u00c7evre ve ISG"}]},{"@type":"WebSite","@id":"https:\/\/www.iporcelik.com\/#website","url":"https:\/\/www.iporcelik.com\/","name":"\u0130por &Ccedil;elik","description":"End&uuml;stri m&uuml;hendisli\u011finde devrim sunuyoruz","publisher":{"@id":"https:\/\/www.iporcelik.com\/#organization"},"potentialAction":[{"@type":"SearchAction","target":{"@type":"EntryPoint","urlTemplate":"https:\/\/www.iporcelik.com\/?s={search_term_string}"},"query-input":"required name=search_term_string"}],"inLanguage":"tr"},{"@type":"Organization","@id":"https:\/\/www.iporcelik.com\/#organization","name":"\u0130por &Ccedil;elik","url":"https:\/\/www.iporcelik.com\/","logo":{"@type":"ImageObject","inLanguage":"tr","@id":"https:\/\/www.iporcelik.com\/#\/schema\/logo\/image\/","url":"https:\/\/www.iporcelik.com\/wp-content\/uploads\/2023\/05\/logo.png","contentUrl":"https:\/\/www.iporcelik.com\/wp-content\/uploads\/2023\/05\/logo.png","width":200,"height":55,"caption":"\u0130por &Ccedil;elik"},"image":{"@id":"https:\/\/www.iporcelik.com\/#\/schema\/logo\/image\/"}}]}},"_links":{"self":[{"href":"https:\/\/www.iporcelik.com\/index.php\/wp-json\/wp\/v2\/pages\/2340"}],"collection":[{"href":"https:\/\/www.iporcelik.com\/index.php\/wp-json\/wp\/v2\/pages"}],"about":[{"href":"https:\/\/www.iporcelik.com\/index.php\/wp-json\/wp\/v2\/types\/page"}],"author":[{"embeddable":true,"href":"https:\/\/www.iporcelik.com\/index.php\/wp-json\/wp\/v2\/users\/1"}],"replies":[{"embeddable":true,"href":"https:\/\/www.iporcelik.com\/index.php\/wp-json\/wp\/v2\/comments?post=2340"}],"version-history":[{"count":10,"href":"https:\/\/www.iporcelik.com\/index.php\/wp-json\/wp\/v2\/pages\/2340\/revisions"}],"predecessor-version":[{"id":2409,"href":"https:\/\/www.iporcelik.com\/index.php\/wp-json\/wp\/v2\/pages\/2340\/revisions\/2409"}],"wp:attachment":[{"href":"https:\/\/www.iporcelik.com\/index.php\/wp-json\/wp\/v2\/media?parent=2340"}],"curies":[{"name":"wp","href":"https:\/\/api.w.org\/{rel}","templated":true}]}}