{"id":1110,"date":"2019-03-27T04:03:46","date_gmt":"2019-03-27T04:03:46","guid":{"rendered":"http:\/\/www.iporcelik.com\/?page_id=1110"},"modified":"2023-07-27T12:17:15","modified_gmt":"2023-07-27T12:17:15","slug":"contact","status":"publish","type":"page","link":"https:\/\/www.iporcelik.com\/index.php\/contact\/","title":{"rendered":"\u0130leti\u015fim"},"content":{"rendered":"\t\t<div data-elementor-type=\"wp-post\" data-elementor-id=\"1110\" class=\"elementor elementor-1110\">\n\t\t\t\t\t\t<section class=\"elementor-section elementor-top-section elementor-element elementor-element-1ac3a89 elementor-section-stretched elementor-section-full_width elementor-section-height-default elementor-section-height-default\" data-id=\"1ac3a89\" data-element_type=\"section\" data-settings=\"{&quot;stretch_section&quot;:&quot;section-stretched&quot;}\">\n\t\t\t\t\t\t<div class=\"elementor-container elementor-column-gap-default\">\n\t\t\t\t\t<div class=\"elementor-column elementor-col-100 elementor-top-column elementor-element elementor-element-0b87575\" data-id=\"0b87575\" data-element_type=\"column\">\n\t\t\t<div class=\"elementor-widget-wrap elementor-element-populated\">\n\t\t\t\t\t\t<div class=\"elementor-element elementor-element-46c830a elementor-widget elementor-widget-contact\" data-id=\"46c830a\" data-element_type=\"widget\" data-widget_type=\"contact.default\">\n\t\t\t\t<div class=\"elementor-widget-container\">\n\t\t\t        <!-- Contact Page Section -->\r\n        <section class=\"contact-page-section\">\r\n            <div class=\"auto-container\">\r\n                <div class=\"row clearfix\">\r\n                    <!-- Info Column -->\r\n                    <div class=\"info-column col-lg-4 col-md-12 col-sm-12\">\r\n                        <div class=\"inner-column wow fadeInLeft\" data-wow-delay=\"0ms\">\r\n                            <!-- Title Box -->\r\n                            <div class=\"title-box\">\r\n                                <h3>\u0130leti\u015fim Bilgilerimiz<\/h3>\r\n                                <div class=\"title-text\">Sekt\u00f6rlerimiz veya projelerimiz hakk\u0131nda her t\u00fcrl\u00fc sorunuz i\u00e7in bizimle ileti\u015fime ge\u00e7in.<\/div>\r\n                            <\/div>\r\n                            <ul class=\"contact-info-list\">\r\n\r\n                                                                        <li>\r\n                                            <span class=\"icon icon-home\"><\/span><strong>Fabrika Adresi<\/strong>Rahmiye, \u0130zmit Cd. No:271, 41285 Kartepe\/Kocaeli                                        <\/li>\r\n                                                                                <li>\r\n                                            <span class=\"icon icon-location-pin\"><\/span><strong>Boyahane Adresi<\/strong>Sanayi mahallesi Beylerbeyi sok. No:3 \u0130zmit\/Kocaeli                                        <\/li>\r\n                                                                                <li>\r\n                                            <span class=\"icon icon-envelope-open\"><\/span><strong>Email<\/strong>info@iporcelik.com                                        <\/li>\r\n                                                                                <li>\r\n                                            <span class=\"icon icon-call-in\"><\/span><strong>Telefon<\/strong>+90 (262) 3492420                                        <\/li>\r\n                                                                    <\/ul>\r\n                                  <ul class=\"social-links\">\n                                    \n                                    <li><a href=\"https:\/\/www.linkedin.com\/company\/i\u0307por-\u00e7eli\u0307k-i\u0307n\u015f-san-ve-ti\u0307c-ltd-\u015fti\u0307\/about\/\"><span class=\"fab fa-linkedin-in\"><\/span><\/a><\/li>\n                                   \n                                <\/ul>                        <\/div>\r\n                    <\/div>\r\n\r\n                    <!-- Form Column -->\r\n                    <div class=\"form-column col-lg-8 col-md-12 col-sm-12\">\r\n                        <div class=\"inner-column wow fadeInRight\" data-wow-delay=\"0ms\">\r\n                            <!-- Sec Title -->\r\n                            <div class=\"sec-title\">\r\n                                <div class=\"title\">\r\n                                    \u0130por \u00c7elik<\/div>\r\n                                <h2>Bizimle \u0130leti\u015fime Ge\u00e7ebilirsiniz                                <\/h2>\r\n                            <\/div>\r\n                            <!-- Contact Form -->\r\n                            <div class=\"contact-form\">\r\n                                \n<div class=\"wpcf7 no-js\" id=\"wpcf7-f1129-o1\" lang=\"en-US\" dir=\"ltr\">\n<div class=\"screen-reader-response\"><p role=\"status\" aria-live=\"polite\" aria-atomic=\"true\"><\/p> <ul><\/ul><\/div>\n<form action=\"\/index.php\/wp-json\/wp\/v2\/pages\/1110#wpcf7-f1129-o1\" method=\"post\" class=\"wpcf7-form init\" aria-label=\"Contact form\" novalidate=\"novalidate\" data-status=\"init\">\n<div style=\"display: none;\">\n<input type=\"hidden\" name=\"_wpcf7\" value=\"1129\" \/>\n<input type=\"hidden\" name=\"_wpcf7_version\" value=\"5.8.7\" \/>\n<input type=\"hidden\" name=\"_wpcf7_locale\" value=\"en_US\" \/>\n<input type=\"hidden\" name=\"_wpcf7_unit_tag\" value=\"wpcf7-f1129-o1\" \/>\n<input type=\"hidden\" name=\"_wpcf7_container_post\" value=\"0\" \/>\n<input type=\"hidden\" name=\"_wpcf7_posted_data_hash\" value=\"\" \/>\n<input type=\"hidden\" name=\"_wpcf7_recaptcha_response\" value=\"\" \/>\n<\/div>\n<div class=\"row clearfix\">\n\t<div class=\"col-lg-6 col-md-6 col-sm-12 form-group\">\n\t\t<p><span class=\"wpcf7-form-control-wrap\" data-name=\"your-name\"><input size=\"40\" class=\"wpcf7-form-control wpcf7-text wpcf7-validates-as-required text_field\" aria-required=\"true\" aria-invalid=\"false\" placeholder=\"Ad\u0131n\u0131z\" value=\"\" type=\"text\" name=\"your-name\" \/><\/span>\n\t\t<\/p>\n\t<\/div>\n\t<div class=\"col-lg-6 col-md-6 col-sm-12 form-group\">\n\t\t<p><span class=\"wpcf7-form-control-wrap\" data-name=\"last-name\"><input size=\"40\" class=\"wpcf7-form-control wpcf7-text text_field\" aria-invalid=\"false\" placeholder=\"Soyad\u0131n\u0131z\" value=\"\" type=\"text\" name=\"last-name\" \/><\/span>\n\t\t<\/p>\n\t<\/div>\n\t<div class=\"col-lg-6 col-md-6 col-sm-12 form-group\">\n\t\t<p><span class=\"wpcf7-form-control-wrap\" data-name=\"your-email\"><input size=\"40\" class=\"wpcf7-form-control wpcf7-email wpcf7-validates-as-required wpcf7-text wpcf7-validates-as-email text_field\" aria-required=\"true\" aria-invalid=\"false\" placeholder=\"E-posta adresiniz\" value=\"\" type=\"email\" name=\"your-email\" \/><\/span>\n\t\t<\/p>\n\t<\/div>\n\t<div class=\"col-lg-6 col-md-6 col-sm-12 form-group\">\n\t\t<p><span class=\"wpcf7-form-control-wrap\" data-name=\"your-phone\"><input size=\"40\" class=\"wpcf7-form-control wpcf7-text text_field\" aria-invalid=\"false\" placeholder=\"Telefon\" value=\"\" type=\"text\" name=\"your-phone\" \/><\/span>\n\t\t<\/p>\n\t<\/div>\n\t<div class=\"col-lg-6 col-md-6 col-sm-12 form-group\">\n\t\t<p><span class=\"wpcf7-form-control-wrap\" data-name=\"your-company\"><input size=\"40\" class=\"wpcf7-form-control wpcf7-text text_field\" aria-invalid=\"false\" placeholder=\"\u015eirket\" value=\"\" type=\"text\" name=\"your-company\" \/><\/span>\n\t\t<\/p>\n\t<\/div>\n\t<div class=\"col-lg-6 col-md-6 col-sm-12 form-group\">\n\t\t<p><span class=\"wpcf7-form-control-wrap\" data-name=\"your-subject\"><input size=\"40\" class=\"wpcf7-form-control wpcf7-text wpcf7-validates-as-required text_field\" aria-required=\"true\" aria-invalid=\"false\" placeholder=\"Konu\" value=\"\" type=\"text\" name=\"your-subject\" \/><\/span>\n\t\t<\/p>\n\t<\/div>\n\t<div class=\"col-lg-12 col-md-12 col-sm-12 form-group\">\n\t\t<p><span class=\"wpcf7-form-control-wrap\" data-name=\"your-message\"><textarea cols=\"40\" rows=\"10\" class=\"wpcf7-form-control wpcf7-textarea wpcf7-validates-as-required text_field\" aria-required=\"true\" aria-invalid=\"false\" placeholder=\"\u0130letiniz\" name=\"your-message\"><\/textarea><\/span>\n\t\t<\/p>\n\t<\/div>\n\t<div class=\"col-lg-12 col-md-12 col-sm-12 form-group\">\n\t\t<p><input class=\"wpcf7-form-control wpcf7-submit has-spinner theme-btn btn-style-five\" type=\"submit\" value=\"G\u00f6nder\" \/>\n\t\t<\/p>\n\t<\/div>\n<\/div><p style=\"display: none !important;\" class=\"akismet-fields-container\" data-prefix=\"_wpcf7_ak_\"><label>&#916;<textarea name=\"_wpcf7_ak_hp_textarea\" cols=\"45\" rows=\"8\" maxlength=\"100\"><\/textarea><\/label><input type=\"hidden\" id=\"ak_js_1\" name=\"_wpcf7_ak_js\" value=\"102\"\/><script>document.getElementById( \"ak_js_1\" ).setAttribute( \"value\", ( new Date() ).getTime() );<\/script><\/p><div class=\"wpcf7-response-output\" aria-hidden=\"true\"><\/div>\n<\/form>\n<\/div>\n                            <\/div>\r\n                        <\/div>\r\n                    <\/div>\r\n                <\/div>\r\n            <\/div>\r\n        <\/section>\r\n        \t\t<\/div>\n\t\t\t\t<\/div>\n\t\t\t\t\t<\/div>\n\t\t<\/div>\n\t\t\t\t\t<\/div>\n\t\t<\/section>\n\t\t\t\t<section class=\"elementor-section elementor-top-section elementor-element elementor-element-267f1f5 elementor-section-stretched elementor-section-full_width elementor-section-height-default elementor-section-height-default\" data-id=\"267f1f5\" data-element_type=\"section\" data-settings=\"{&quot;stretch_section&quot;:&quot;section-stretched&quot;}\">\n\t\t\t\t\t\t<div class=\"elementor-container elementor-column-gap-default\">\n\t\t\t\t\t<div class=\"elementor-column elementor-col-100 elementor-top-column elementor-element elementor-element-aae3a27\" data-id=\"aae3a27\" data-element_type=\"column\">\n\t\t\t<div class=\"elementor-widget-wrap elementor-element-populated\">\n\t\t\t\t\t\t<div class=\"elementor-element elementor-element-ffb4d2e elementor-widget elementor-widget-google_maps\" data-id=\"ffb4d2e\" data-element_type=\"widget\" data-widget_type=\"google_maps.default\">\n\t\t\t\t<div class=\"elementor-widget-container\">\n\t\t\t<style>\/*! elementor - v3.23.0 - 05-08-2024 *\/\n.elementor-widget-google_maps .elementor-widget-container{overflow:hidden}.elementor-widget-google_maps .elementor-custom-embed{line-height:0}.elementor-widget-google_maps iframe{height:300px}<\/style>\t\t<div class=\"elementor-custom-embed\">\n\t\t\t<iframe loading=\"lazy\"\n\t\t\t\t\tsrc=\"https:\/\/maps.google.com\/maps?q=%C4%B0por%20%C3%87elik&#038;t=m&#038;z=10&#038;output=embed&#038;iwloc=near\"\n\t\t\t\t\ttitle=\"\u0130por \u00c7elik\"\n\t\t\t\t\taria-label=\"\u0130por \u00c7elik\"\n\t\t\t><\/iframe>\n\t\t<\/div>\n\t\t\t\t<\/div>\n\t\t\t\t<\/div>\n\t\t\t\t\t<\/div>\n\t\t<\/div>\n\t\t\t\t\t<\/div>\n\t\t<\/section>\n\t\t\t\t<\/div>\n\t\t","protected":false},"excerpt":{"rendered":"<p>\u0130leti\u015fim Bilgilerimiz Sekt\u00f6rlerimiz veya projelerimiz hakk\u0131nda her t\u00fcrl\u00fc sorunuz i\u00e7in bizimle ileti\u015fime ge\u00e7in. Fabrika AdresiRahmiye, \u0130zmit Cd. No:271, 41285 Kartepe\/Kocaeli Boyahane AdresiSanayi mahallesi Beylerbeyi sok. No:3 \u0130zmit\/Kocaeli Emailinfo@iporcelik.com Telefon+90 (262) 3492420 \u0130por \u00c7elik Bizimle \u0130leti\u015fime Ge\u00e7ebilirsiniz &#916;<\/p>\n","protected":false},"author":1,"featured_media":0,"parent":0,"menu_order":0,"comment_status":"closed","ping_status":"closed","template":"","meta":[],"yoast_head":"<!-- This site is optimized with the Yoast SEO plugin v21.8.1 - https:\/\/yoast.com\/wordpress\/plugins\/seo\/ -->\n<title>\u0130leti\u015fim - \u0130por &Ccedil;elik<\/title>\n<meta name=\"robots\" content=\"index, follow, max-snippet:-1, max-image-preview:large, max-video-preview:-1\" \/>\n<link rel=\"canonical\" href=\"https:\/\/www.iporcelik.com\/index.php\/contact\/\" \/>\n<meta property=\"og:locale\" content=\"tr_TR\" \/>\n<meta property=\"og:type\" content=\"article\" \/>\n<meta property=\"og:title\" content=\"\u0130leti\u015fim - \u0130por &Ccedil;elik\" \/>\n<meta property=\"og:description\" content=\"\u0130leti\u015fim Bilgilerimiz Sekt\u00f6rlerimiz veya projelerimiz hakk\u0131nda her t\u00fcrl\u00fc sorunuz i\u00e7in bizimle ileti\u015fime ge\u00e7in. Fabrika AdresiRahmiye, \u0130zmit Cd. No:271, 41285 Kartepe\/Kocaeli Boyahane AdresiSanayi mahallesi Beylerbeyi sok. No:3 \u0130zmit\/Kocaeli Emailinfo@iporcelik.com Telefon+90 (262) 3492420 \u0130por \u00c7elik Bizimle \u0130leti\u015fime Ge\u00e7ebilirsiniz &#916;\" \/>\n<meta property=\"og:url\" content=\"https:\/\/www.iporcelik.com\/index.php\/contact\/\" \/>\n<meta property=\"og:site_name\" content=\"\u0130por &Ccedil;elik\" \/>\n<meta property=\"article:modified_time\" content=\"2023-07-27T12:17:15+00:00\" \/>\n<meta name=\"twitter:card\" content=\"summary_large_image\" \/>\n<meta name=\"twitter:label1\" content=\"Tahmini okuma s\u00fcresi\" \/>\n\t<meta name=\"twitter:data1\" content=\"1 dakika\" \/>\n<script type=\"application\/ld+json\" class=\"yoast-schema-graph\">{\"@context\":\"https:\/\/schema.org\",\"@graph\":[{\"@type\":\"WebPage\",\"@id\":\"https:\/\/www.iporcelik.com\/index.php\/contact\/\",\"url\":\"https:\/\/www.iporcelik.com\/index.php\/contact\/\",\"name\":\"\u0130leti\u015fim - \u0130por &Ccedil;elik\",\"isPartOf\":{\"@id\":\"https:\/\/www.iporcelik.com\/#website\"},\"datePublished\":\"2019-03-27T04:03:46+00:00\",\"dateModified\":\"2023-07-27T12:17:15+00:00\",\"breadcrumb\":{\"@id\":\"https:\/\/www.iporcelik.com\/index.php\/contact\/#breadcrumb\"},\"inLanguage\":\"tr\",\"potentialAction\":[{\"@type\":\"ReadAction\",\"target\":[\"https:\/\/www.iporcelik.com\/index.php\/contact\/\"]}]},{\"@type\":\"BreadcrumbList\",\"@id\":\"https:\/\/www.iporcelik.com\/index.php\/contact\/#breadcrumb\",\"itemListElement\":[{\"@type\":\"ListItem\",\"position\":1,\"name\":\"Anasayfa\",\"item\":\"https:\/\/www.iporcelik.com\/\"},{\"@type\":\"ListItem\",\"position\":2,\"name\":\"\u0130leti\u015fim\"}]},{\"@type\":\"WebSite\",\"@id\":\"https:\/\/www.iporcelik.com\/#website\",\"url\":\"https:\/\/www.iporcelik.com\/\",\"name\":\"\u0130por &Ccedil;elik\",\"description\":\"End&uuml;stri m&uuml;hendisli\u011finde devrim sunuyoruz\",\"publisher\":{\"@id\":\"https:\/\/www.iporcelik.com\/#organization\"},\"potentialAction\":[{\"@type\":\"SearchAction\",\"target\":{\"@type\":\"EntryPoint\",\"urlTemplate\":\"https:\/\/www.iporcelik.com\/?s={search_term_string}\"},\"query-input\":\"required name=search_term_string\"}],\"inLanguage\":\"tr\"},{\"@type\":\"Organization\",\"@id\":\"https:\/\/www.iporcelik.com\/#organization\",\"name\":\"\u0130por &Ccedil;elik\",\"url\":\"https:\/\/www.iporcelik.com\/\",\"logo\":{\"@type\":\"ImageObject\",\"inLanguage\":\"tr\",\"@id\":\"https:\/\/www.iporcelik.com\/#\/schema\/logo\/image\/\",\"url\":\"https:\/\/www.iporcelik.com\/wp-content\/uploads\/2023\/05\/logo.png\",\"contentUrl\":\"https:\/\/www.iporcelik.com\/wp-content\/uploads\/2023\/05\/logo.png\",\"width\":200,\"height\":55,\"caption\":\"\u0130por &Ccedil;elik\"},\"image\":{\"@id\":\"https:\/\/www.iporcelik.com\/#\/schema\/logo\/image\/\"}}]}<\/script>\n<!-- \/ Yoast SEO plugin. -->","yoast_head_json":{"title":"\u0130leti\u015fim - \u0130por &Ccedil;elik","robots":{"index":"index","follow":"follow","max-snippet":"max-snippet:-1","max-image-preview":"max-image-preview:large","max-video-preview":"max-video-preview:-1"},"canonical":"https:\/\/www.iporcelik.com\/index.php\/contact\/","og_locale":"tr_TR","og_type":"article","og_title":"\u0130leti\u015fim - \u0130por &Ccedil;elik","og_description":"\u0130leti\u015fim Bilgilerimiz Sekt\u00f6rlerimiz veya projelerimiz hakk\u0131nda her t\u00fcrl\u00fc sorunuz i\u00e7in bizimle ileti\u015fime ge\u00e7in. Fabrika AdresiRahmiye, \u0130zmit Cd. No:271, 41285 Kartepe\/Kocaeli Boyahane AdresiSanayi mahallesi Beylerbeyi sok. No:3 \u0130zmit\/Kocaeli Emailinfo@iporcelik.com Telefon+90 (262) 3492420 \u0130por \u00c7elik Bizimle \u0130leti\u015fime Ge\u00e7ebilirsiniz &#916;","og_url":"https:\/\/www.iporcelik.com\/index.php\/contact\/","og_site_name":"\u0130por &Ccedil;elik","article_modified_time":"2023-07-27T12:17:15+00:00","twitter_card":"summary_large_image","twitter_misc":{"Tahmini okuma s\u00fcresi":"1 dakika"},"schema":{"@context":"https:\/\/schema.org","@graph":[{"@type":"WebPage","@id":"https:\/\/www.iporcelik.com\/index.php\/contact\/","url":"https:\/\/www.iporcelik.com\/index.php\/contact\/","name":"\u0130leti\u015fim - \u0130por &Ccedil;elik","isPartOf":{"@id":"https:\/\/www.iporcelik.com\/#website"},"datePublished":"2019-03-27T04:03:46+00:00","dateModified":"2023-07-27T12:17:15+00:00","breadcrumb":{"@id":"https:\/\/www.iporcelik.com\/index.php\/contact\/#breadcrumb"},"inLanguage":"tr","potentialAction":[{"@type":"ReadAction","target":["https:\/\/www.iporcelik.com\/index.php\/contact\/"]}]},{"@type":"BreadcrumbList","@id":"https:\/\/www.iporcelik.com\/index.php\/contact\/#breadcrumb","itemListElement":[{"@type":"ListItem","position":1,"name":"Anasayfa","item":"https:\/\/www.iporcelik.com\/"},{"@type":"ListItem","position":2,"name":"\u0130leti\u015fim"}]},{"@type":"WebSite","@id":"https:\/\/www.iporcelik.com\/#website","url":"https:\/\/www.iporcelik.com\/","name":"\u0130por &Ccedil;elik","description":"End&uuml;stri m&uuml;hendisli\u011finde devrim sunuyoruz","publisher":{"@id":"https:\/\/www.iporcelik.com\/#organization"},"potentialAction":[{"@type":"SearchAction","target":{"@type":"EntryPoint","urlTemplate":"https:\/\/www.iporcelik.com\/?s={search_term_string}"},"query-input":"required name=search_term_string"}],"inLanguage":"tr"},{"@type":"Organization","@id":"https:\/\/www.iporcelik.com\/#organization","name":"\u0130por &Ccedil;elik","url":"https:\/\/www.iporcelik.com\/","logo":{"@type":"ImageObject","inLanguage":"tr","@id":"https:\/\/www.iporcelik.com\/#\/schema\/logo\/image\/","url":"https:\/\/www.iporcelik.com\/wp-content\/uploads\/2023\/05\/logo.png","contentUrl":"https:\/\/www.iporcelik.com\/wp-content\/uploads\/2023\/05\/logo.png","width":200,"height":55,"caption":"\u0130por &Ccedil;elik"},"image":{"@id":"https:\/\/www.iporcelik.com\/#\/schema\/logo\/image\/"}}]}},"_links":{"self":[{"href":"https:\/\/www.iporcelik.com\/index.php\/wp-json\/wp\/v2\/pages\/1110"}],"collection":[{"href":"https:\/\/www.iporcelik.com\/index.php\/wp-json\/wp\/v2\/pages"}],"about":[{"href":"https:\/\/www.iporcelik.com\/index.php\/wp-json\/wp\/v2\/types\/page"}],"author":[{"embeddable":true,"href":"https:\/\/www.iporcelik.com\/index.php\/wp-json\/wp\/v2\/users\/1"}],"replies":[{"embeddable":true,"href":"https:\/\/www.iporcelik.com\/index.php\/wp-json\/wp\/v2\/comments?post=1110"}],"version-history":[{"count":16,"href":"https:\/\/www.iporcelik.com\/index.php\/wp-json\/wp\/v2\/pages\/1110\/revisions"}],"predecessor-version":[{"id":2430,"href":"https:\/\/www.iporcelik.com\/index.php\/wp-json\/wp\/v2\/pages\/1110\/revisions\/2430"}],"wp:attachment":[{"href":"https:\/\/www.iporcelik.com\/index.php\/wp-json\/wp\/v2\/media?parent=1110"}],"curies":[{"name":"wp","href":"https:\/\/api.w.org\/{rel}","templated":true}]}}